{"id":97,"date":"2021-09-22T14:57:00","date_gmt":"2021-09-22T12:57:00","guid":{"rendered":"https:\/\/ico.kuko-ev.de\/?page_id=97"},"modified":"2021-09-22T14:57:01","modified_gmt":"2021-09-22T12:57:01","slug":"impressum","status":"publish","type":"page","link":"https:\/\/ico.kuko-ev.de\/?page_id=97","title":{"rendered":"Impressum"},"content":{"rendered":"\n<p><strong>Postanschrift:<\/strong><br>Kulturelle Koordinierung e.V.<br>c\/o ICO<br>TU Ilmenau<br>PF 100565<br>98684 Ilmenau<\/p>\n\n\n\n<p><strong>B\u00fcro- Standort:<br><\/strong>Max- Planck- Ring 7<br>Haus A, Zimmer 004 (im Keller)<\/p>\n\n\n\n<p><strong>Kontaktdaten:<br><\/strong>Telefon\/Fax: 036 77\/ 69 17 31<br>E- Mail: <a href=\"mailto:info.kuko@tu-ilmenau.de\">info.kuko@tu-ilmenau.de<\/a><\/p>\n\n\n\n<p>Du kannst uns gerne in dringenden Notf\u00e4llen telefonisch und sonst postalisch oder per Mail kontaktieren.<\/p>\n\n\n\n<p><strong>Vorstand:<br><\/strong>Vorsitzende: Tina Wittrich<br>Stellvertretender Vorsitzender: Christoph Thron<br>Schatzmeister: Juliane Schleiffer<\/p>\n\n\n\n<p><strong>Registergericht:<br><\/strong>Amtsgericht Arnstadt Zweigstelle Ilmenau<br><strong>Registernummer:<br><\/strong>VR 120215<\/p>\n\n\n\n<p><strong>Inhaltlich Verantwortliche gem\u00e4\u00df \u00a7 18 Abs.2 MDStV: :<br><\/strong>Tina Wittrich<\/p>\n\n\n\n<p><strong>B\u00fcro-\u00d6ffnung:<\/strong><br>jeden Dienstag (au\u00dfer Feiertags) von 18 bis 19 Uhr<br><\/p>\n\n\n<p>[f\u00fcr l\u00e4ngere Gespr\u00e4che bitte individuell einen Termin vereinbaren]<\/p>\n\n\n\n<p><strong>Bankverbindung:<\/strong><br>IBAN: DE29 8405 1010 1113 0092 99<br>BIC: HELADEF1ILK<br>Sparkasse Arnstadt- Ilmenau<\/p>\n","protected":false},"excerpt":{"rendered":"<p>Postanschrift:Kulturelle Koordinierung e.V.c\/o ICOTU IlmenauPF 10056598684 Ilmenau B\u00fcro- Standort:Max- Planck- Ring 7Haus A, Zimmer 004 (im Keller) Kontaktdaten:Telefon\/Fax: 036 77\/ 69 17 31E- Mail: info.kuko@tu-ilmenau.de Du kannst uns gerne in dringenden Notf\u00e4llen telefonisch und sonst postalisch oder per Mail kontaktieren. Vorstand:Vorsitzende: Tina WittrichStellvertretender Vorsitzender: Christoph ThronSchatzmeister: Juliane Schleiffer Registergericht:Amtsgericht Arnstadt Zweigstelle IlmenauRegisternummer:VR 120215 Inhaltlich Verantwortliche&hellip; <br \/> <a class=\"button small blue\" href=\"https:\/\/ico.kuko-ev.de\/?page_id=97\">Read more<\/a><\/p>\n","protected":false},"author":1,"featured_media":0,"parent":0,"menu_order":0,"comment_status":"closed","ping_status":"closed","template":"","meta":{"footnotes":""},"class_list":["post-97","page","type-page","status-publish","hentry"],"yoast_head":"<!-- This site is optimized with the Yoast SEO plugin v26.2 - https:\/\/yoast.com\/wordpress\/plugins\/seo\/ -->\n<title>Impressum - Indian Culture Organisation Ilmenau<\/title>\n<meta name=\"robots\" content=\"index, follow, max-snippet:-1, max-image-preview:large, max-video-preview:-1\" \/>\n<link rel=\"canonical\" href=\"https:\/\/ico.kuko-ev.de\/?page_id=97\" \/>\n<meta property=\"og:locale\" content=\"en_US\" \/>\n<meta property=\"og:type\" content=\"article\" \/>\n<meta property=\"og:title\" content=\"Impressum - Indian Culture Organisation Ilmenau\" \/>\n<meta property=\"og:description\" content=\"Postanschrift:Kulturelle Koordinierung e.V.c\/o ICOTU IlmenauPF 10056598684 Ilmenau B\u00fcro- Standort:Max- Planck- Ring 7Haus A, Zimmer 004 (im Keller) Kontaktdaten:Telefon\/Fax: 036 77\/ 69 17 31E- Mail: info.kuko@tu-ilmenau.de Du kannst uns gerne in dringenden Notf\u00e4llen telefonisch und sonst postalisch oder per Mail kontaktieren. Vorstand:Vorsitzende: Tina WittrichStellvertretender Vorsitzender: Christoph ThronSchatzmeister: Juliane Schleiffer Registergericht:Amtsgericht Arnstadt Zweigstelle IlmenauRegisternummer:VR 120215 Inhaltlich Verantwortliche&hellip; Read more\" \/>\n<meta property=\"og:url\" content=\"https:\/\/ico.kuko-ev.de\/?page_id=97\" \/>\n<meta property=\"og:site_name\" content=\"Indian Culture Organisation Ilmenau\" \/>\n<meta property=\"article:modified_time\" content=\"2021-09-22T12:57:01+00:00\" \/>\n<meta name=\"twitter:card\" content=\"summary_large_image\" \/>\n<meta name=\"twitter:label1\" content=\"Est. reading time\" \/>\n\t<meta name=\"twitter:data1\" content=\"1 minute\" \/>\n<script type=\"application\/ld+json\" class=\"yoast-schema-graph\">{\"@context\":\"https:\/\/schema.org\",\"@graph\":[{\"@type\":\"WebPage\",\"@id\":\"https:\/\/ico.kuko-ev.de\/?page_id=97\",\"url\":\"https:\/\/ico.kuko-ev.de\/?page_id=97\",\"name\":\"Impressum - Indian Culture Organisation Ilmenau\",\"isPartOf\":{\"@id\":\"https:\/\/ico.kuko-ev.de\/#website\"},\"datePublished\":\"2021-09-22T12:57:00+00:00\",\"dateModified\":\"2021-09-22T12:57:01+00:00\",\"breadcrumb\":{\"@id\":\"https:\/\/ico.kuko-ev.de\/?page_id=97#breadcrumb\"},\"inLanguage\":\"en-US\",\"potentialAction\":[{\"@type\":\"ReadAction\",\"target\":[\"https:\/\/ico.kuko-ev.de\/?page_id=97\"]}]},{\"@type\":\"BreadcrumbList\",\"@id\":\"https:\/\/ico.kuko-ev.de\/?page_id=97#breadcrumb\",\"itemListElement\":[{\"@type\":\"ListItem\",\"position\":1,\"name\":\"Startseite\",\"item\":\"https:\/\/ico.kuko-ev.de\/\"},{\"@type\":\"ListItem\",\"position\":2,\"name\":\"Impressum\"}]},{\"@type\":\"WebSite\",\"@id\":\"https:\/\/ico.kuko-ev.de\/#website\",\"url\":\"https:\/\/ico.kuko-ev.de\/\",\"name\":\"Indian Culture Organisation Ilmenau\",\"description\":\"Arge des KuKo e.V.\",\"potentialAction\":[{\"@type\":\"SearchAction\",\"target\":{\"@type\":\"EntryPoint\",\"urlTemplate\":\"https:\/\/ico.kuko-ev.de\/?s={search_term_string}\"},\"query-input\":{\"@type\":\"PropertyValueSpecification\",\"valueRequired\":true,\"valueName\":\"search_term_string\"}}],\"inLanguage\":\"en-US\"}]}<\/script>\n<!-- \/ Yoast SEO plugin. -->","yoast_head_json":{"title":"Impressum - Indian Culture Organisation Ilmenau","robots":{"index":"index","follow":"follow","max-snippet":"max-snippet:-1","max-image-preview":"max-image-preview:large","max-video-preview":"max-video-preview:-1"},"canonical":"https:\/\/ico.kuko-ev.de\/?page_id=97","og_locale":"en_US","og_type":"article","og_title":"Impressum - Indian Culture Organisation Ilmenau","og_description":"Postanschrift:Kulturelle Koordinierung e.V.c\/o ICOTU IlmenauPF 10056598684 Ilmenau B\u00fcro- Standort:Max- Planck- Ring 7Haus A, Zimmer 004 (im Keller) Kontaktdaten:Telefon\/Fax: 036 77\/ 69 17 31E- Mail: info.kuko@tu-ilmenau.de Du kannst uns gerne in dringenden Notf\u00e4llen telefonisch und sonst postalisch oder per Mail kontaktieren. Vorstand:Vorsitzende: Tina WittrichStellvertretender Vorsitzender: Christoph ThronSchatzmeister: Juliane Schleiffer Registergericht:Amtsgericht Arnstadt Zweigstelle IlmenauRegisternummer:VR 120215 Inhaltlich Verantwortliche&hellip; Read more","og_url":"https:\/\/ico.kuko-ev.de\/?page_id=97","og_site_name":"Indian Culture Organisation Ilmenau","article_modified_time":"2021-09-22T12:57:01+00:00","twitter_card":"summary_large_image","twitter_misc":{"Est. reading time":"1 minute"},"schema":{"@context":"https:\/\/schema.org","@graph":[{"@type":"WebPage","@id":"https:\/\/ico.kuko-ev.de\/?page_id=97","url":"https:\/\/ico.kuko-ev.de\/?page_id=97","name":"Impressum - Indian Culture Organisation Ilmenau","isPartOf":{"@id":"https:\/\/ico.kuko-ev.de\/#website"},"datePublished":"2021-09-22T12:57:00+00:00","dateModified":"2021-09-22T12:57:01+00:00","breadcrumb":{"@id":"https:\/\/ico.kuko-ev.de\/?page_id=97#breadcrumb"},"inLanguage":"en-US","potentialAction":[{"@type":"ReadAction","target":["https:\/\/ico.kuko-ev.de\/?page_id=97"]}]},{"@type":"BreadcrumbList","@id":"https:\/\/ico.kuko-ev.de\/?page_id=97#breadcrumb","itemListElement":[{"@type":"ListItem","position":1,"name":"Startseite","item":"https:\/\/ico.kuko-ev.de\/"},{"@type":"ListItem","position":2,"name":"Impressum"}]},{"@type":"WebSite","@id":"https:\/\/ico.kuko-ev.de\/#website","url":"https:\/\/ico.kuko-ev.de\/","name":"Indian Culture Organisation Ilmenau","description":"Arge des KuKo e.V.","potentialAction":[{"@type":"SearchAction","target":{"@type":"EntryPoint","urlTemplate":"https:\/\/ico.kuko-ev.de\/?s={search_term_string}"},"query-input":{"@type":"PropertyValueSpecification","valueRequired":true,"valueName":"search_term_string"}}],"inLanguage":"en-US"}]}},"_links":{"self":[{"href":"https:\/\/ico.kuko-ev.de\/index.php?rest_route=\/wp\/v2\/pages\/97","targetHints":{"allow":["GET"]}}],"collection":[{"href":"https:\/\/ico.kuko-ev.de\/index.php?rest_route=\/wp\/v2\/pages"}],"about":[{"href":"https:\/\/ico.kuko-ev.de\/index.php?rest_route=\/wp\/v2\/types\/page"}],"author":[{"embeddable":true,"href":"https:\/\/ico.kuko-ev.de\/index.php?rest_route=\/wp\/v2\/users\/1"}],"replies":[{"embeddable":true,"href":"https:\/\/ico.kuko-ev.de\/index.php?rest_route=%2Fwp%2Fv2%2Fcomments&post=97"}],"version-history":[{"count":1,"href":"https:\/\/ico.kuko-ev.de\/index.php?rest_route=\/wp\/v2\/pages\/97\/revisions"}],"predecessor-version":[{"id":98,"href":"https:\/\/ico.kuko-ev.de\/index.php?rest_route=\/wp\/v2\/pages\/97\/revisions\/98"}],"wp:attachment":[{"href":"https:\/\/ico.kuko-ev.de\/index.php?rest_route=%2Fwp%2Fv2%2Fmedia&parent=97"}],"curies":[{"name":"wp","href":"https:\/\/api.w.org\/{rel}","templated":true}]}}